{"id":29,"date":"2016-01-01T19:29:27","date_gmt":"2016-01-01T19:29:27","guid":{"rendered":"http:\/\/www.huleviksgasthus.com\/?page_id=29"},"modified":"2024-01-04T16:02:21","modified_gmt":"2024-01-04T16:02:21","slug":"kontakt","status":"publish","type":"page","link":"https:\/\/www.huleviksgasthus.com\/en\/kontakt\/","title":{"rendered":"Contact"},"content":{"rendered":"<p>Address: Fiskarv\u00e4gen 23, 34253 L\u00f6nashult<\/p>\n<p>NB! All the links below will open in a new window.<\/p>\n<p><a class=\"cm_anchor\" href=\"https:\/\/www.google.se\/maps\/place\/Fiskarv%C3%A4gen+23\/@56.6254251,14.6141576,17z\/data=!3m1!4b1!4m2!3m1!1s0x4656db6a801df7d5:0xc68c09903b0db6c6\" target=\"_blank\" rel=\"noopener\">Hulevik guest house map<\/a><\/p>\n<p><a class=\"cm_anchor\" href=\"https:\/\/www.google.se\/maps\/dir\/V%C3%A4xj%C3%B6+Airport,+355+93+V%C3%A4xj%C3%B6\/Fiskarv%C3%A4gen+23,+342+53+L%C3%B6nashult\/@56.7740513,14.3568357,10z\/data=!3m1!4b1!4m13!4m12!1m5!1m1!1s0x4657251a60472893:0x995484966f3a6b9f!2m2!1d14.727998!2d56.92533!1m5!1m1!1s0x4656db6a801df7d5:0xc68c09903b0db6c6!2m2!1d14.6141576!2d56.6254251\" target=\"_blank\" rel=\"noopener\">Route description from Sm\u00e5land Airport<\/a><\/p>\n<p><a class=\"cm_anchor\" href=\"https:\/\/www.google.se\/maps\/dir\/Sixt+biluthyrning+(+Sixt+rent+a+car)+V%C3%A4xj%C3%B6+Centralstation,+V%C3%A4xj%C3%B6+Station,+352+40+V%C3%A4xj%C3%B6\/Fiskarv%C3%A4gen+23,+342+53+L%C3%B6nashult\/@56.7735138,14.6492649,10z\/data=!4m13!4m12!1m5!1m1!1s0x46571cc63873cf39:0x9c94676ecf94b2f5!2m2!1d14.806691!2d56.876298!1m5!1m1!1s0x4656db6a801df7d5:0xc68c09903b0db6c6!2m2!1d14.6141576!2d56.6254251\" target=\"_blank\" rel=\"noopener\">Route description from V\u00e4xj\u00f6 Central Station<\/a><\/p>\n<p><a class=\"cm_anchor\" href=\"https:\/\/www.google.se\/maps\/dir\/Alvesta+station\/Fiskarv%C3%A4gen+23,+342+53+L%C3%B6nashult\/@56.7632224,14.3966816,11z\/data=!3m1!4b1!4m13!4m12!1m5!1m1!1s0x46572ec67be24429:0xc691a2b815673176!2m2!1d14.557583!2d56.898776!1m5!1m1!1s0x4656db6a801df7d5:0xc68c09903b0db6c6!2m2!1d14.6141576!2d56.6254251\" target=\"_blank\" rel=\"noopener\">Route description from Alvesta Central Station<\/a><\/p>\n<p><strong>Car rental<\/strong><\/p>\n<p><a class=\"cm_anchor\" href=\"http:\/\/www.avis.se\/hyrbil\/europa\/sverige\/vaexjoe\" target=\"_blank\" rel=\"noopener\">Avis<\/a><\/p>\n<p><a class=\"cm_anchor\" href=\"https:\/\/www.hertz.se\/rentacar\/hyrbil\/vaxjo\" target=\"_blank\" rel=\"noopener\">Hertz<\/a><\/p>\n<p>The easiest way to contact us is by sending an email to <a class=\"cm_anchor\" href=\"mailto:booking%40huleviksgasthus.se?subject=F%C3%B6rfr%C3%A5gan&#038;body=F%C3%B6rfr%C3%A5gan\">booking@huleviksgasthus.se<\/a>. We will reply as soon as possible!<\/p>\n<p>In acute cases you can reach us on <a href=\"callto:+46703907058\">+46703907058<\/a>.<\/p>\n<p>We look forward to hearing from you!<\/p>\n","protected":false},"excerpt":{"rendered":"<p>Address: Fiskarv\u00e4gen 23, 34253 L\u00f6nashult NB! All the links below will open in a new window. Hulevik guest house map Route description from Sm\u00e5land Airport Route description from V\u00e4xj\u00f6 Central Station Route description from Alvesta Central Station Car rental Avis Hertz The easiest way to contact us is by sending an email to booking@huleviksgasthus.se. We<a href=\"https:\/\/www.huleviksgasthus.com\/en\/kontakt\/\">[&#8230;]<\/a><\/p>\n","protected":false},"author":1,"featured_media":0,"parent":0,"menu_order":0,"comment_status":"closed","ping_status":"closed","template":"","meta":[],"_links":{"self":[{"href":"https:\/\/www.huleviksgasthus.com\/en\/wp-json\/wp\/v2\/pages\/29"}],"collection":[{"href":"https:\/\/www.huleviksgasthus.com\/en\/wp-json\/wp\/v2\/pages"}],"about":[{"href":"https:\/\/www.huleviksgasthus.com\/en\/wp-json\/wp\/v2\/types\/page"}],"author":[{"embeddable":true,"href":"https:\/\/www.huleviksgasthus.com\/en\/wp-json\/wp\/v2\/users\/1"}],"replies":[{"embeddable":true,"href":"https:\/\/www.huleviksgasthus.com\/en\/wp-json\/wp\/v2\/comments?post=29"}],"version-history":[{"count":11,"href":"https:\/\/www.huleviksgasthus.com\/en\/wp-json\/wp\/v2\/pages\/29\/revisions"}],"predecessor-version":[{"id":153,"href":"https:\/\/www.huleviksgasthus.com\/en\/wp-json\/wp\/v2\/pages\/29\/revisions\/153"}],"wp:attachment":[{"href":"https:\/\/www.huleviksgasthus.com\/en\/wp-json\/wp\/v2\/media?parent=29"}],"curies":[{"name":"wp","href":"https:\/\/api.w.org\/{rel}","templated":true}]}}